{"id":32641,"date":"2024-02-23T20:26:39","date_gmt":"2024-02-23T20:26:39","guid":{"rendered":"https:\/\/inclusivenews.com.br\/?page_id=32641"},"modified":"2024-02-27T11:30:01","modified_gmt":"2024-02-27T11:30:01","slug":"envie-seu-texto-e-ou-colaboracoes","status":"publish","type":"page","link":"https:\/\/inclusivenews.com.br\/?page_id=32641","title":{"rendered":"Mapa do site"},"content":{"rendered":"\n<p>Voc\u00ea pode navegar pelo conte\u00fado da <strong>Inclusive<\/strong> por meio da estrutura de assuntos abaixo.<\/p>\n\n\n<ul class=\"wp-block-categories-list wp-block-categories\">\t<li class=\"cat-item cat-item-35\"><a href=\"https:\/\/inclusivenews.com.br\/?cat=35\">+ De nossa parte<\/a>\n<\/li>\n\t<li class=\"cat-item cat-item-44\"><a href=\"https:\/\/inclusivenews.com.br\/?cat=44\">ACESSIBILIDADE<\/a>\n<\/li>\n\t<li class=\"cat-item cat-item-56\"><a href=\"https:\/\/inclusivenews.com.br\/?cat=56\">A\u00e7\u00f5es afirmativas<\/a>\n<\/li>\n\t<li class=\"cat-item cat-item-21\"><a href=\"https:\/\/inclusivenews.com.br\/?cat=21\">\u00c1udio<\/a>\n<\/li>\n\t<li class=\"cat-item cat-item-323\"><a href=\"https:\/\/inclusivenews.com.br\/?cat=323\">Autismo<\/a>\n<\/li>\n\t<li class=\"cat-item cat-item-439\"><a href=\"https:\/\/inclusivenews.com.br\/?cat=439\">AUTISMO<\/a>\n<\/li>\n\t<li class=\"cat-item cat-item-1\"><a href=\"https:\/\/inclusivenews.com.br\/?cat=1\">Blog<\/a>\n<\/li>\n\t<li class=\"cat-item cat-item-54\"><a href=\"https:\/\/inclusivenews.com.br\/?cat=54\">Blogs e Webs<\/a>\n<\/li>\n\t<li class=\"cat-item cat-item-3\"><a href=\"https:\/\/inclusivenews.com.br\/?cat=3\">CAMPANHAS<\/a>\n<\/li>\n\t<li class=\"cat-item cat-item-473\"><a href=\"https:\/\/inclusivenews.com.br\/?cat=473\">Capacitismo<\/a>\n<\/li>\n\t<li class=\"cat-item cat-item-53\"><a href=\"https:\/\/inclusivenews.com.br\/?cat=53\">Cartilhas e manuais<\/a>\n<\/li>\n\t<li class=\"cat-item cat-item-448\"><a href=\"https:\/\/inclusivenews.com.br\/?cat=448\">Coluna Inclus\u00e3o &#8211; Acolhe<\/a>\n<\/li>\n\t<li class=\"cat-item cat-item-36\"><a href=\"https:\/\/inclusivenews.com.br\/?cat=36\">Colunas especiais<\/a>\n<\/li>\n\t<li class=\"cat-item cat-item-477\"><a href=\"https:\/\/inclusivenews.com.br\/?cat=477\">Comunica\u00e7\u00e3o<\/a>\n<\/li>\n\t<li class=\"cat-item cat-item-103\"><a href=\"https:\/\/inclusivenews.com.br\/?cat=103\">Comunidades<\/a>\n<\/li>\n\t<li class=\"cat-item cat-item-5\"><a href=\"https:\/\/inclusivenews.com.br\/?cat=5\">Conven\u00e7\u00e3o<\/a>\n<\/li>\n\t<li class=\"cat-item cat-item-446\"><a href=\"https:\/\/inclusivenews.com.br\/?cat=446\">Coronav\u00edrus<\/a>\n<\/li>\n\t<li class=\"cat-item cat-item-819\"><a href=\"https:\/\/inclusivenews.com.br\/?cat=819\">Crise clim\u00e1tica<\/a>\n<\/li>\n\t<li class=\"cat-item cat-item-29\"><a href=\"https:\/\/inclusivenews.com.br\/?cat=29\">Cultura<\/a>\n<\/li>\n\t<li class=\"cat-item cat-item-12\"><a href=\"https:\/\/inclusivenews.com.br\/?cat=12\">Cursos e eventos<\/a>\n<\/li>\n\t<li class=\"cat-item cat-item-785\"><a href=\"https:\/\/inclusivenews.com.br\/?cat=785\">Dados<\/a>\n<\/li>\n\t<li class=\"cat-item cat-item-38\"><a href=\"https:\/\/inclusivenews.com.br\/?cat=38\">Defici\u00eancia<\/a>\n<\/li>\n\t<li class=\"cat-item cat-item-13\"><a href=\"https:\/\/inclusivenews.com.br\/?cat=13\">Den\u00fancias<\/a>\n<\/li>\n\t<li class=\"cat-item cat-item-478\"><a href=\"https:\/\/inclusivenews.com.br\/?cat=478\">Desastres<\/a>\n<\/li>\n\t<li class=\"cat-item cat-item-461\"><a href=\"https:\/\/inclusivenews.com.br\/?cat=461\">Direitos e Inclus\u00e3o<\/a>\n<\/li>\n\t<li class=\"cat-item cat-item-11\"><a href=\"https:\/\/inclusivenews.com.br\/?cat=11\">DIREITOS HUMANOS<\/a>\n<\/li>\n\t<li class=\"cat-item cat-item-39\"><a href=\"https:\/\/inclusivenews.com.br\/?cat=39\">Discrimina\u00e7\u00e3o<\/a>\n<\/li>\n\t<li class=\"cat-item cat-item-40\"><a href=\"https:\/\/inclusivenews.com.br\/?cat=40\">Diversidade<\/a>\n<\/li>\n\t<li class=\"cat-item cat-item-52\"><a href=\"https:\/\/inclusivenews.com.br\/?cat=52\">Downloadables<\/a>\n<\/li>\n\t<li class=\"cat-item cat-item-96\"><a href=\"https:\/\/inclusivenews.com.br\/?cat=96\">Editais<\/a>\n<\/li>\n\t<li class=\"cat-item cat-item-6\"><a href=\"https:\/\/inclusivenews.com.br\/?cat=6\">EDUCA\u00c7\u00c3O<\/a>\n<\/li>\n\t<li class=\"cat-item cat-item-42\"><a href=\"https:\/\/inclusivenews.com.br\/?cat=42\">ENTREVISTAS<\/a>\n<\/li>\n\t<li class=\"cat-item cat-item-27\"><a href=\"https:\/\/inclusivenews.com.br\/?cat=27\">Esporte<\/a>\n<\/li>\n\t<li class=\"cat-item cat-item-772\"><a href=\"https:\/\/inclusivenews.com.br\/?cat=772\">Eventos<\/a>\n<\/li>\n\t<li class=\"cat-item cat-item-483\"><a href=\"https:\/\/inclusivenews.com.br\/?cat=483\">Fam\u00edlia at\u00edpica<\/a>\n<\/li>\n\t<li class=\"cat-item cat-item-57\"><a href=\"https:\/\/inclusivenews.com.br\/?cat=57\">Filmes e m\u00eddias<\/a>\n<\/li>\n\t<li class=\"cat-item cat-item-450\"><a href=\"https:\/\/inclusivenews.com.br\/?cat=450\">FNMD<\/a>\n<\/li>\n\t<li class=\"cat-item cat-item-388\"><a href=\"https:\/\/inclusivenews.com.br\/?cat=388\">GADIM<\/a>\n<\/li>\n\t<li class=\"cat-item cat-item-48\"><a href=\"https:\/\/inclusivenews.com.br\/?cat=48\">INCLUS\u00c3O SOCIAL<\/a>\n<\/li>\n\t<li class=\"cat-item cat-item-7\"><a href=\"https:\/\/inclusivenews.com.br\/?cat=7\">Inclusive<\/a>\n<\/li>\n\t<li class=\"cat-item cat-item-234\"><a href=\"https:\/\/inclusivenews.com.br\/?cat=234\">INCLUSIVE WORLD<\/a>\n<\/li>\n\t<li class=\"cat-item cat-item-867\"><a href=\"https:\/\/inclusivenews.com.br\/?cat=867\">Inf\u00e2ncia<\/a>\n<\/li>\n\t<li class=\"cat-item cat-item-790\"><a href=\"https:\/\/inclusivenews.com.br\/?cat=790\">Justi\u00e7a clim\u00e1tica<\/a>\n<\/li>\n\t<li class=\"cat-item cat-item-50\"><a href=\"https:\/\/inclusivenews.com.br\/?cat=50\">Lan\u00e7amentos<\/a>\n<\/li>\n\t<li class=\"cat-item cat-item-358\"><a href=\"https:\/\/inclusivenews.com.br\/?cat=358\">LBI<\/a>\n<\/li>\n\t<li class=\"cat-item cat-item-26\"><a href=\"https:\/\/inclusivenews.com.br\/?cat=26\">Legisla\u00e7\u00e3o &#8230;<\/a>\n<\/li>\n\t<li class=\"cat-item cat-item-471\"><a href=\"https:\/\/inclusivenews.com.br\/?cat=471\">LIBRAS<\/a>\n<\/li>\n\t<li class=\"cat-item cat-item-449\"><a href=\"https:\/\/inclusivenews.com.br\/?cat=449\">Linguagem F\u00e1cil<\/a>\n<\/li>\n\t<li class=\"cat-item cat-item-463\"><a href=\"https:\/\/inclusivenews.com.br\/?cat=463\">Linguagem Simples<\/a>\n<\/li>\n\t<li class=\"cat-item cat-item-51\"><a href=\"https:\/\/inclusivenews.com.br\/?cat=51\">Livros<\/a>\n<\/li>\n\t<li class=\"cat-item cat-item-789\"><a href=\"https:\/\/inclusivenews.com.br\/?cat=789\">Meio Ambiente<\/a>\n<\/li>\n\t<li class=\"cat-item cat-item-46\"><a href=\"https:\/\/inclusivenews.com.br\/?cat=46\">Mercado de Trabalho<\/a>\n<\/li>\n\t<li class=\"cat-item cat-item-359\"><a href=\"https:\/\/inclusivenews.com.br\/?cat=359\">Microcefalia<\/a>\n<\/li>\n\t<li class=\"cat-item cat-item-76\"><a href=\"https:\/\/inclusivenews.com.br\/?cat=76\">M\u00eddia e Defici\u00eancia<\/a>\n<\/li>\n\t<li class=\"cat-item cat-item-774\"><a href=\"https:\/\/inclusivenews.com.br\/?cat=774\">Moradia<\/a>\n<\/li>\n\t<li class=\"cat-item cat-item-4\"><a href=\"https:\/\/inclusivenews.com.br\/?cat=4\">NOT\u00cdCIAS<\/a>\n<\/li>\n\t<li class=\"cat-item cat-item-395\"><a href=\"https:\/\/inclusivenews.com.br\/?cat=395\">ODIM\u00cdDIA<\/a>\n<\/li>\n\t<li class=\"cat-item cat-item-342\"><a href=\"https:\/\/inclusivenews.com.br\/?cat=342\">ONU<\/a>\n<\/li>\n\t<li class=\"cat-item cat-item-8\"><a href=\"https:\/\/inclusivenews.com.br\/?cat=8\">OPINI\u00c3O<\/a>\n<\/li>\n\t<li class=\"cat-item cat-item-472\"><a href=\"https:\/\/inclusivenews.com.br\/?cat=472\">Participa\u00e7\u00e3o<\/a>\n<\/li>\n\t<li class=\"cat-item cat-item-467\"><a href=\"https:\/\/inclusivenews.com.br\/?cat=467\">Participa\u00e7\u00e3o social<\/a>\n<\/li>\n\t<li class=\"cat-item cat-item-470\"><a href=\"https:\/\/inclusivenews.com.br\/?cat=470\">PODCAST<\/a>\n<\/li>\n\t<li class=\"cat-item cat-item-49\"><a href=\"https:\/\/inclusivenews.com.br\/?cat=49\">Pol\u00edticas p\u00fablicas<\/a>\n<\/li>\n\t<li class=\"cat-item cat-item-41\"><a href=\"https:\/\/inclusivenews.com.br\/?cat=41\">Preconceito<\/a>\n<\/li>\n\t<li class=\"cat-item cat-item-451\"><a href=\"https:\/\/inclusivenews.com.br\/?cat=451\">Preven\u00e7\u00e3o \u00e0 viol\u00eancia<\/a>\n<\/li>\n\t<li class=\"cat-item cat-item-24\"><a href=\"https:\/\/inclusivenews.com.br\/?cat=24\">Produ\u00e7\u00e3o acad\u00eamica<\/a>\n<\/li>\n\t<li class=\"cat-item cat-item-10\"><a href=\"https:\/\/inclusivenews.com.br\/?cat=10\">PUBLICA\u00c7\u00d5ES<\/a>\n<\/li>\n\t<li class=\"cat-item cat-item-117\"><a href=\"https:\/\/inclusivenews.com.br\/?cat=117\">Relat\u00f3rios<\/a>\n<\/li>\n\t<li class=\"cat-item cat-item-33\"><a href=\"https:\/\/inclusivenews.com.br\/?cat=33\">Reportagem<\/a>\n<\/li>\n\t<li class=\"cat-item cat-item-58\"><a href=\"https:\/\/inclusivenews.com.br\/?cat=58\">Resenha e Cr\u00edtica<\/a>\n<\/li>\n\t<li class=\"cat-item cat-item-841\"><a href=\"https:\/\/inclusivenews.com.br\/?cat=841\">Resgate Inclusivo<\/a>\n<\/li>\n\t<li class=\"cat-item cat-item-80\"><a href=\"https:\/\/inclusivenews.com.br\/?cat=80\">Revistas<\/a>\n<\/li>\n\t<li class=\"cat-item cat-item-216\"><a href=\"https:\/\/inclusivenews.com.br\/?cat=216\">Sabor e Acessibilidade<\/a>\n<\/li>\n\t<li class=\"cat-item cat-item-37\"><a href=\"https:\/\/inclusivenews.com.br\/?cat=37\">Sa\u00fade<\/a>\n<\/li>\n\t<li class=\"cat-item cat-item-414\"><a href=\"https:\/\/inclusivenews.com.br\/?cat=414\">SHOW<\/a>\n<\/li>\n\t<li class=\"cat-item cat-item-376\"><a href=\"https:\/\/inclusivenews.com.br\/?cat=376\">SHOWZ<\/a>\n<\/li>\n\t<li class=\"cat-item cat-item-643\"><a href=\"https:\/\/inclusivenews.com.br\/?cat=643\">Sustentabilidade<\/a>\n<\/li>\n\t<li class=\"cat-item cat-item-888\"><a href=\"https:\/\/inclusivenews.com.br\/?cat=888\">TGDNN<\/a>\n<\/li>\n\t<li class=\"cat-item cat-item-9\"><a href=\"https:\/\/inclusivenews.com.br\/?cat=9\">Tradu\u00e7\u00f5es<\/a>\n<\/li>\n\t<li class=\"cat-item cat-item-16\"><a href=\"https:\/\/inclusivenews.com.br\/?cat=16\">V\u00eddeo<\/a>\n<\/li>\n\t<li class=\"cat-item cat-item-239\"><a href=\"https:\/\/inclusivenews.com.br\/?cat=239\">WDSD 2014<\/a>\n<\/li>\n\t<li class=\"cat-item cat-item-315\"><a href=\"https:\/\/inclusivenews.com.br\/?cat=315\">WDSD 2015<\/a>\n<\/li>\n\t<li class=\"cat-item cat-item-365\"><a href=\"https:\/\/inclusivenews.com.br\/?cat=365\">WDSD 2016<\/a>\n<\/li>\n\t<li class=\"cat-item cat-item-396\"><a href=\"https:\/\/inclusivenews.com.br\/?cat=396\">WDSD 2017<\/a>\n<\/li>\n\t<li class=\"cat-item cat-item-427\"><a href=\"https:\/\/inclusivenews.com.br\/?cat=427\">WDSD 2018<\/a>\n<\/li>\n\t<li class=\"cat-item cat-item-447\"><a href=\"https:\/\/inclusivenews.com.br\/?cat=447\">WDSD 2021<\/a>\n<\/li>\n\t<li class=\"cat-item cat-item-460\"><a href=\"https:\/\/inclusivenews.com.br\/?cat=460\">WDSD 2024<\/a>\n<\/li>\n\t<li class=\"cat-item cat-item-84\"><a href=\"https:\/\/inclusivenews.com.br\/?cat=84\">WDSD2010<\/a>\n<\/li>\n\t<li class=\"cat-item cat-item-167\"><a href=\"https:\/\/inclusivenews.com.br\/?cat=167\">WDSD2011<\/a>\n<\/li>\n\t<li class=\"cat-item cat-item-179\"><a href=\"https:\/\/inclusivenews.com.br\/?cat=179\">WDSD2012<\/a>\n<\/li>\n\t<li class=\"cat-item cat-item-207\"><a href=\"https:\/\/inclusivenews.com.br\/?cat=207\">WDSD2013<\/a>\n<\/li>\n\t<li class=\"cat-item cat-item-316\"><a href=\"https:\/\/inclusivenews.com.br\/?cat=316\">WDSD2015<\/a>\n<\/li>\n<\/ul>","protected":false},"excerpt":{"rendered":"<p>Voc\u00ea pode navegar pelo conte\u00fado da Inclusive por meio da estrutura de assuntos abaixo.<\/p>\n","protected":false},"author":1,"featured_media":0,"parent":0,"menu_order":0,"comment_status":"closed","ping_status":"closed","template":"","meta":{"site-container-style":"default","site-container-layout":"default","site-sidebar-layout":"default","disable-article-header":"default","disable-site-header":"default","disable-site-footer":"default","disable-content-area-spacing":"default","footnotes":""},"class_list":["post-32641","page","type-page","status-publish","hentry"],"yoast_head":"<!-- This site is optimized with the Yoast SEO plugin v27.3 - https:\/\/yoast.com\/product\/yoast-seo-wordpress\/ -->\n<title>Mapa do site -<\/title>\n<meta name=\"robots\" content=\"index, follow, max-snippet:-1, max-image-preview:large, max-video-preview:-1\" \/>\n<link rel=\"canonical\" href=\"https:\/\/inclusivenews.com.br\/?page_id=32641\" \/>\n<meta property=\"og:locale\" content=\"pt_PT\" \/>\n<meta property=\"og:type\" content=\"article\" \/>\n<meta property=\"og:title\" content=\"Mapa do site -\" \/>\n<meta property=\"og:description\" content=\"Voc\u00ea pode navegar pelo conte\u00fado da Inclusive por meio da estrutura de assuntos abaixo.\" \/>\n<meta property=\"og:url\" content=\"https:\/\/inclusivenews.com.br\/?page_id=32641\" \/>\n<meta property=\"article:publisher\" content=\"https:\/\/www.facebook.com\/agenciainclusive\/\" \/>\n<meta property=\"article:modified_time\" content=\"2024-02-27T11:30:01+00:00\" \/>\n<meta name=\"twitter:card\" content=\"summary_large_image\" \/>\n<script type=\"application\/ld+json\" class=\"yoast-schema-graph\">{\"@context\":\"https:\\\/\\\/schema.org\",\"@graph\":[{\"@type\":\"WebPage\",\"@id\":\"https:\\\/\\\/inclusivenews.com.br\\\/?page_id=32641\",\"url\":\"https:\\\/\\\/inclusivenews.com.br\\\/?page_id=32641\",\"name\":\"Mapa do site -\",\"isPartOf\":{\"@id\":\"https:\\\/\\\/inclusivenews.com.br\\\/#website\"},\"datePublished\":\"2024-02-23T20:26:39+00:00\",\"dateModified\":\"2024-02-27T11:30:01+00:00\",\"breadcrumb\":{\"@id\":\"https:\\\/\\\/inclusivenews.com.br\\\/?page_id=32641#breadcrumb\"},\"inLanguage\":\"pt-PT\",\"potentialAction\":[{\"@type\":\"ReadAction\",\"target\":[\"https:\\\/\\\/inclusivenews.com.br\\\/?page_id=32641\"]}]},{\"@type\":\"BreadcrumbList\",\"@id\":\"https:\\\/\\\/inclusivenews.com.br\\\/?page_id=32641#breadcrumb\",\"itemListElement\":[{\"@type\":\"ListItem\",\"position\":1,\"name\":\"In\u00edcio\",\"item\":\"https:\\\/\\\/inclusivenews.com.br\\\/\"},{\"@type\":\"ListItem\",\"position\":2,\"name\":\"Mapa do site\"}]},{\"@type\":\"WebSite\",\"@id\":\"https:\\\/\\\/inclusivenews.com.br\\\/#website\",\"url\":\"https:\\\/\\\/inclusivenews.com.br\\\/\",\"name\":\"Inclusive News\",\"description\":\"Inclusive News\",\"publisher\":{\"@id\":\"https:\\\/\\\/inclusivenews.com.br\\\/#organization\"},\"potentialAction\":[{\"@type\":\"SearchAction\",\"target\":{\"@type\":\"EntryPoint\",\"urlTemplate\":\"https:\\\/\\\/inclusivenews.com.br\\\/?s={search_term_string}\"},\"query-input\":{\"@type\":\"PropertyValueSpecification\",\"valueRequired\":true,\"valueName\":\"search_term_string\"}}],\"inLanguage\":\"pt-PT\"},{\"@type\":\"Organization\",\"@id\":\"https:\\\/\\\/inclusivenews.com.br\\\/#organization\",\"name\":\"Inclusive - inclus\u00e3o e cidadania\",\"url\":\"https:\\\/\\\/inclusivenews.com.br\\\/\",\"logo\":{\"@type\":\"ImageObject\",\"inLanguage\":\"pt-PT\",\"@id\":\"https:\\\/\\\/inclusivenews.com.br\\\/#\\\/schema\\\/logo\\\/image\\\/\",\"url\":\"https:\\\/\\\/inclusivenews.com.br\\\/wp-content\\\/uploads\\\/2024\\\/03\\\/@grandesite.png\",\"contentUrl\":\"https:\\\/\\\/inclusivenews.com.br\\\/wp-content\\\/uploads\\\/2024\\\/03\\\/@grandesite.png\",\"width\":1080,\"height\":1080,\"caption\":\"Inclusive - inclus\u00e3o e cidadania\"},\"image\":{\"@id\":\"https:\\\/\\\/inclusivenews.com.br\\\/#\\\/schema\\\/logo\\\/image\\\/\"},\"sameAs\":[\"https:\\\/\\\/www.facebook.com\\\/agenciainclusive\\\/\",\"https:\\\/\\\/www.instagram.com\\\/newsinclusive\\\/\"]}]}<\/script>\n<!-- \/ Yoast SEO plugin. -->","yoast_head_json":{"title":"Mapa do site -","robots":{"index":"index","follow":"follow","max-snippet":"max-snippet:-1","max-image-preview":"max-image-preview:large","max-video-preview":"max-video-preview:-1"},"canonical":"https:\/\/inclusivenews.com.br\/?page_id=32641","og_locale":"pt_PT","og_type":"article","og_title":"Mapa do site -","og_description":"Voc\u00ea pode navegar pelo conte\u00fado da Inclusive por meio da estrutura de assuntos abaixo.","og_url":"https:\/\/inclusivenews.com.br\/?page_id=32641","article_publisher":"https:\/\/www.facebook.com\/agenciainclusive\/","article_modified_time":"2024-02-27T11:30:01+00:00","twitter_card":"summary_large_image","schema":{"@context":"https:\/\/schema.org","@graph":[{"@type":"WebPage","@id":"https:\/\/inclusivenews.com.br\/?page_id=32641","url":"https:\/\/inclusivenews.com.br\/?page_id=32641","name":"Mapa do site -","isPartOf":{"@id":"https:\/\/inclusivenews.com.br\/#website"},"datePublished":"2024-02-23T20:26:39+00:00","dateModified":"2024-02-27T11:30:01+00:00","breadcrumb":{"@id":"https:\/\/inclusivenews.com.br\/?page_id=32641#breadcrumb"},"inLanguage":"pt-PT","potentialAction":[{"@type":"ReadAction","target":["https:\/\/inclusivenews.com.br\/?page_id=32641"]}]},{"@type":"BreadcrumbList","@id":"https:\/\/inclusivenews.com.br\/?page_id=32641#breadcrumb","itemListElement":[{"@type":"ListItem","position":1,"name":"In\u00edcio","item":"https:\/\/inclusivenews.com.br\/"},{"@type":"ListItem","position":2,"name":"Mapa do site"}]},{"@type":"WebSite","@id":"https:\/\/inclusivenews.com.br\/#website","url":"https:\/\/inclusivenews.com.br\/","name":"Inclusive News","description":"Inclusive News","publisher":{"@id":"https:\/\/inclusivenews.com.br\/#organization"},"potentialAction":[{"@type":"SearchAction","target":{"@type":"EntryPoint","urlTemplate":"https:\/\/inclusivenews.com.br\/?s={search_term_string}"},"query-input":{"@type":"PropertyValueSpecification","valueRequired":true,"valueName":"search_term_string"}}],"inLanguage":"pt-PT"},{"@type":"Organization","@id":"https:\/\/inclusivenews.com.br\/#organization","name":"Inclusive - inclus\u00e3o e cidadania","url":"https:\/\/inclusivenews.com.br\/","logo":{"@type":"ImageObject","inLanguage":"pt-PT","@id":"https:\/\/inclusivenews.com.br\/#\/schema\/logo\/image\/","url":"https:\/\/inclusivenews.com.br\/wp-content\/uploads\/2024\/03\/@grandesite.png","contentUrl":"https:\/\/inclusivenews.com.br\/wp-content\/uploads\/2024\/03\/@grandesite.png","width":1080,"height":1080,"caption":"Inclusive - inclus\u00e3o e cidadania"},"image":{"@id":"https:\/\/inclusivenews.com.br\/#\/schema\/logo\/image\/"},"sameAs":["https:\/\/www.facebook.com\/agenciainclusive\/","https:\/\/www.instagram.com\/newsinclusive\/"]}]}},"_links":{"self":[{"href":"https:\/\/inclusivenews.com.br\/index.php?rest_route=\/wp\/v2\/pages\/32641","targetHints":{"allow":["GET"]}}],"collection":[{"href":"https:\/\/inclusivenews.com.br\/index.php?rest_route=\/wp\/v2\/pages"}],"about":[{"href":"https:\/\/inclusivenews.com.br\/index.php?rest_route=\/wp\/v2\/types\/page"}],"author":[{"embeddable":true,"href":"https:\/\/inclusivenews.com.br\/index.php?rest_route=\/wp\/v2\/users\/1"}],"replies":[{"embeddable":true,"href":"https:\/\/inclusivenews.com.br\/index.php?rest_route=%2Fwp%2Fv2%2Fcomments&post=32641"}],"version-history":[{"count":2,"href":"https:\/\/inclusivenews.com.br\/index.php?rest_route=\/wp\/v2\/pages\/32641\/revisions"}],"predecessor-version":[{"id":32666,"href":"https:\/\/inclusivenews.com.br\/index.php?rest_route=\/wp\/v2\/pages\/32641\/revisions\/32666"}],"wp:attachment":[{"href":"https:\/\/inclusivenews.com.br\/index.php?rest_route=%2Fwp%2Fv2%2Fmedia&parent=32641"}],"curies":[{"name":"wp","href":"https:\/\/api.w.org\/{rel}","templated":true}]}}